{"id":776,"date":"2021-02-22T14:09:32","date_gmt":"2021-02-22T13:09:32","guid":{"rendered":"https:\/\/www.theatre-du-corps.com\/formation\/?page_id=776"},"modified":"2021-02-22T14:12:44","modified_gmt":"2021-02-22T13:12:44","slug":"liens-utiles","status":"publish","type":"page","link":"https:\/\/www.theatre-du-corps.com\/formation\/liens-utiles\/","title":{"rendered":"rgpd"},"content":{"rendered":"<p>[et_pb_section fb_built=\u00a0\u00bb1&Prime; _builder_version=\u00a0\u00bb4.9.0&Prime; _module_preset=\u00a0\u00bbdefault\u00a0\u00bb background_color=\u00a0\u00bb#0D25DF\u00a0\u00bb hover_enabled=\u00a0\u00bb0&Prime; sticky_enabled=\u00a0\u00bb0&Prime;][et_pb_row _builder_version=\u00a0\u00bb4.8.2&Prime; custom_padding=\u00a0\u00bb0|0px|29.6875px|0px|false|false\u00a0\u00bb locked=\u00a0\u00bboff\u00a0\u00bb][et_pb_column type=\u00a0\u00bb4_4&Prime; saved_specialty_column_type=\u00a0\u00bb2_3&Prime; _builder_version=\u00a0\u00bb3.25&Prime; custom_padding=\u00a0\u00bb|||\u00a0\u00bb custom_padding__hover=\u00a0\u00bb|||\u00a0\u00bb][et_pb_text _builder_version=\u00a0\u00bb4.9.0&Prime; _module_preset=\u00a0\u00bb94e82e3b-4b47-42e2-90e4-f33e654108dc\u00a0\u00bb hover_enabled=\u00a0\u00bb0&Prime; sticky_enabled=\u00a0\u00bb0&Prime;]<\/p>\n<h2><span style=\"color: #ff2b2b;\">Politique de protection de vos donn\u00e9es personnelles<\/span><\/h2>\n<p>[\/et_pb_text][et_pb_divider divider_weight=\u00a0\u00bb3px\u00a0\u00bb _builder_version=\u00a0\u00bb4.9.0&Prime; max_width=\u00a0\u00bb50px\u00a0\u00bb hover_enabled=\u00a0\u00bb0&Prime; sticky_enabled=\u00a0\u00bb0&Prime; color=\u00a0\u00bb#FF2B2B\u00a0\u00bb][\/et_pb_divider][\/et_pb_column][\/et_pb_row][et_pb_row _builder_version=\u00a0\u00bb4.9.0&Prime; _module_preset=\u00a0\u00bbdefault\u00a0\u00bb][et_pb_column _builder_version=\u00a0\u00bb4.9.0&Prime; _module_preset=\u00a0\u00bbdefault\u00a0\u00bb type=\u00a0\u00bb4_4&Prime;][et_pb_text _builder_version=\u00a0\u00bb4.9.0&Prime; _module_preset=\u00a0\u00bbdefault\u00a0\u00bb hover_enabled=\u00a0\u00bb0&Prime; sticky_enabled=\u00a0\u00bb0&Prime; text_text_color=\u00a0\u00bb#FFFFFF\u00a0\u00bb]<\/p>\n<p><strong>Vos donn\u00e9es personnelles<\/strong><\/p>\n<p>Notre site ne demande pas l&rsquo;enregistrement nominatif aux visiteurs et ne proc\u00e8de \u00e0 aucun enregistrement nominatif pour la simple consultation de ses pages. Dans le cas de notre formulaire de contact, vous \u00eates invit\u00e9 \u00e0 laisser des donn\u00e9es personnelles (nom, pr\u00e9nom, adresse \u00e9lectronique, &#8230;).<\/p>\n<p>Certaines donn\u00e9es sont indiqu\u00e9es comme obligatoires afin de permettre \u00e0 nos services le bon traitement de votre demande. Le dit formulaire est accompagn\u00e9 d&rsquo;une case \u00e0 cocher destin\u00e9e \u00e0 donner votre consentement \u00e0 l&rsquo;utilisation de ces donn\u00e9es par nos services.<\/p>\n<p>\u00a0<span style=\"font-size: 14px;\">\u00a0<\/span><\/p>\n<p><strong>Finalit\u00e9 du traitement des donn\u00e9es<br \/> <\/strong><br \/> &#8211; Gestion des pr\u00e9inscriptions et validation du statut d\u2019apprenti<\/p>\n<p>&#8211; Gestion administrative et financi\u00e8re des apprentis<\/p>\n<p>&#8211; Etablissement et gestion des contrats d\u2019apprentissage et des conventions de formation<\/p>\n<p>&#8211; Suivi de l\u2019assiduit\u00e9<\/p>\n<p>&#8211; Facturation des frais de formation par apprenti aux op\u00e9rateurs de comp\u00e9tences<\/p>\n<p>&#8211; Gestion des versements des aides au b\u00e9n\u00e9fice des apprentis<\/p>\n<p>Les donn\u00e9es vous concernant qui sont collect\u00e9es sur notre site sont conserv\u00e9es pendant un d\u00e9lai de 2 ans.<\/p>\n<p><strong>Comment acc\u00e9der \u00e0 vos donn\u00e9es et les rectifier ?<br \/> <\/strong><br \/> Vous disposez \u00e0 tout moment d&rsquo;un droit d&rsquo;acc\u00e8s, de modification, de rectification et de suppression des donn\u00e9es qui vous concernent.<br \/> Celui-ci peut \u00eatre directement exerc\u00e9 : par courrier \u00e9lectronique <span style=\"color: #ff0000;\"><a href=\"mailto:cfa@theatre-du-corps.com\" style=\"color: #ff0000;\">cfa@theatre-du-corps.com<\/a><\/span><\/p>\n<p><span style=\"color: #ff0000;\"><\/span><\/p>\n<p><span style=\"color: #ff0000;\"><\/span><\/p>\n<p><strong>Cookies<br \/> <\/strong><br \/> Des cookies sont susceptibles d&rsquo;\u00eatre install\u00e9s sur votre ordinateur lors de votre navigation. Un cookie est un fichier de petite taille, qui ne permet pas l\u2019identification de l\u2019utilisateur, mais qui enregistre des informations relatives \u00e0 la navigation d\u2019un ordinateur sur un site. Les donn\u00e9es ainsi obtenues visent \u00e0 faciliter la navigation ult\u00e9rieure sur le site, et ont \u00e9galement vocation \u00e0 permettre diverses mesures de fr\u00e9quentation.<\/p>\n<p>Il vous est cependant possible de d\u00e9sactiver l&rsquo;utilisation de ces cookies sur votre navigateur. Remarque : le choix de ne pas utiliser les cookies peut entra\u00eener l\u2019impossibilit\u00e9 d\u2019acc\u00e9der \u00e0 certains services, cependant la navigation basique reste possible.<\/p>\n<p>[\/et_pb_text][\/et_pb_column][\/et_pb_row][\/et_pb_section]<\/p>\n","protected":false},"excerpt":{"rendered":"<p>Politique de protection de vos donn\u00e9es personnellesVos donn\u00e9es personnelles Notre site ne demande pas l&rsquo;enregistrement nominatif aux visiteurs et ne proc\u00e8de \u00e0 aucun enregistrement nominatif pour la simple consultation de ses pages. Dans le cas de notre formulaire de contact, vous \u00eates invit\u00e9 \u00e0 laisser des donn\u00e9es personnelles (nom, pr\u00e9nom, adresse \u00e9lectronique, &#8230;). Certaines donn\u00e9es [&hellip;]<\/p>\n","protected":false},"author":1,"featured_media":0,"parent":0,"menu_order":0,"comment_status":"closed","ping_status":"closed","template":"","meta":{"_et_pb_use_builder":"on","_et_pb_old_content":"","_et_gb_content_width":"","footnotes":""},"class_list":["post-776","page","type-page","status-publish","hentry"],"_links":{"self":[{"href":"https:\/\/www.theatre-du-corps.com\/formation\/wp-json\/wp\/v2\/pages\/776","targetHints":{"allow":["GET"]}}],"collection":[{"href":"https:\/\/www.theatre-du-corps.com\/formation\/wp-json\/wp\/v2\/pages"}],"about":[{"href":"https:\/\/www.theatre-du-corps.com\/formation\/wp-json\/wp\/v2\/types\/page"}],"author":[{"embeddable":true,"href":"https:\/\/www.theatre-du-corps.com\/formation\/wp-json\/wp\/v2\/users\/1"}],"replies":[{"embeddable":true,"href":"https:\/\/www.theatre-du-corps.com\/formation\/wp-json\/wp\/v2\/comments?post=776"}],"version-history":[{"count":4,"href":"https:\/\/www.theatre-du-corps.com\/formation\/wp-json\/wp\/v2\/pages\/776\/revisions"}],"predecessor-version":[{"id":787,"href":"https:\/\/www.theatre-du-corps.com\/formation\/wp-json\/wp\/v2\/pages\/776\/revisions\/787"}],"wp:attachment":[{"href":"https:\/\/www.theatre-du-corps.com\/formation\/wp-json\/wp\/v2\/media?parent=776"}],"curies":[{"name":"wp","href":"https:\/\/api.w.org\/{rel}","templated":true}]}}